{"id":733,"date":"2026-03-16T16:12:53","date_gmt":"2026-03-16T16:12:53","guid":{"rendered":"https:\/\/taratravel-126adbd.ingress-haven.ewp.live\/?page_id=733"},"modified":"2026-03-16T16:22:31","modified_gmt":"2026-03-16T16:22:31","slug":"atpi","status":"publish","type":"page","link":"https:\/\/www.taratravel.co.mz\/?page_id=733","title":{"rendered":"ATPI"},"content":{"rendered":"\t\t<div data-elementor-type=\"wp-page\" data-elementor-id=\"733\" class=\"elementor elementor-733\">\n\t\t\t\t<div class=\"elementor-element elementor-element-df1cdac e-flex e-con-boxed wpr-particle-no wpr-jarallax-no wpr-parallax-no wpr-sticky-section-no wpr-equal-height-no e-con e-parent\" data-id=\"df1cdac\" data-element_type=\"container\" data-e-type=\"container\" data-settings=\"{&quot;background_background&quot;:&quot;classic&quot;}\">\n\t\t\t\t\t<div class=\"e-con-inner\">\n\t\t\t\t<div class=\"elementor-element elementor-element-413ead7 elementor-widget elementor-widget-heading\" data-id=\"413ead7\" data-element_type=\"widget\" data-e-type=\"widget\" data-widget_type=\"heading.default\">\n\t\t\t\t\t<h2 class=\"elementor-heading-title elementor-size-default\">ATPI<\/h2>\t\t\t\t<\/div>\n\t\t\t\t\t<\/div>\n\t\t\t\t<\/div>\n\t\t<div class=\"elementor-element elementor-element-8203298 animated-slow e-flex e-con-boxed wpr-particle-no wpr-jarallax-no wpr-parallax-no wpr-sticky-section-no wpr-equal-height-no elementor-invisible e-con e-parent\" data-id=\"8203298\" data-element_type=\"container\" data-e-type=\"container\" data-settings=\"{&quot;animation&quot;:&quot;fadeIn&quot;,&quot;animation_delay&quot;:100}\">\n\t\t\t\t\t<div class=\"e-con-inner\">\n\t\t\t\t<div class=\"elementor-element elementor-element-0a29ca4 elementor-widget elementor-widget-text-editor\" data-id=\"0a29ca4\" data-element_type=\"widget\" data-e-type=\"widget\" data-widget_type=\"text-editor.default\">\n\t\t\t\t\t\t\t\t\t<p>A rede de escrit\u00f3rios da ATPI, est\u00e1 em constante expans\u00e3o e trabalha em conjunto para garantir que os nossos clientes usufruam de servi\u00e7os de excel\u00eancia, consistentes e se beneficiem de conhecimentos locais em qualquer parte do mundo.<\/p><p>Com uma rede combinada de mais de 100 locais de atendimento em todo o mundo, a nossa rede global de ag\u00eancias de viagens proporciona seguran\u00e7a e efici\u00eancia, garantindo que todos os escrit\u00f3rios cumpram os mesmos elevados padr\u00f5es e que os nossos clientes possam sempre falar com um especialista que entenda a sua organiza\u00e7\u00e3o e as suas necessidades de viagem.<\/p><p>A nossa rede estende-se por todo o mundo e abrange todos os continentes. Encontre <a href=\"https:\/\/www.atpi.com\/our-offices\/\"><strong>aqui<\/strong> <\/a>os dados de contacto dos nossos escrit\u00f3rios.<\/p><p>Fazer parte da rede de escrit\u00f3rios da ATPI proporciona-nos uma gama de benef\u00edcios, que nos permitem gerir o seu programa de viagens \u00e0 escala multinacional.<\/p><p>Os nossos servi\u00e7os e tecnologia, s\u00e3o desenvolvidos com base nas necessidades e desafios dos nossos clientes e permitem-nos dar suporte aos seus principais processos de neg\u00f3cio. Isto resulta da nossa convic\u00e7\u00e3o de que as viagens devem ser consideradas um facilitador de neg\u00f3cios e n\u00e3o uma necessidade banal.<\/p><p>Excel\u00eancia Global com atua\u00e7\u00e3o local \u2013 um n\u00edvel de servi\u00e7o consistente e de alta qualidade em todo o mundo, com cada escrit\u00f3rio avaliado pelos mesmos padr\u00f5es de qualidade.<\/p><p>Prestamos servi\u00e7os em todos os continentes, em locais onde os nossos clientes precisam de n\u00f3s estrategicamente, mantendo um relacionamento pessoal e personalizado com os clientes e as suas equipas de viagens.<\/p><p>Partilhamos a nossa experi\u00eancia e conhecimento em viagens corporativas com as equipas globais dos nossos clientes e com os consultores adjudicados aos seus programas de viagens que entendem o neg\u00f3cio onde os nossos clientes se enquadram.<\/p><p>O nosso poder de compra proporciona valor acrescido aos nossos clientes e melhores condi\u00e7\u00f5es de negocia\u00e7\u00e3o com fornecedores.<\/p><p>Investimos em inova\u00e7\u00e3o e tecnologias que oferecem solu\u00e7\u00f5es para superar os desafios de viagem dos clientes, al\u00e9m de disponibilizar as melhores e mais recentes tecnologias do mercado.<\/p><p>Reunimos conhecimento e insights tecnol\u00f3gicos de todas as partes do mundo, o que nos permite fornecer recomenda\u00e7\u00f5es estrat\u00e9gicas e fundamentadas para a melhor solu\u00e7\u00e3o do mercado local.<\/p><p>A nossa plataforma tecnol\u00f3gica integrada engloba produtos globais nas \u00e1reas de bancos de dados de perfis, relat\u00f3rios de viagens, solu\u00e7\u00f5es de seguran\u00e7a e portais de viagens.<\/p><p>Informa\u00e7\u00f5es pr\u00e1ticas aprimoradas para ajudar os clientes a maximizar o desempenho de seus programas de viagens globais, combinando an\u00e1lises de gastos de grupos similares, dados de fornecedores, pre\u00e7os de companhias a\u00e9reas, etc.<\/p><p>Uma estrutura de gest\u00e3o de contas que garante a administra\u00e7\u00e3o perfeita do seu programa de viagens em todas as regi\u00f5es, com supervis\u00e3o e consultoria globais para maximizar o desempenho e contatos locais para suporte no mercado.<\/p><p>Para mais informa\u00e7\u00f5es sobre a ATPI, clique <strong><a href=\"https:\/\/www.atpi.com\/\">aqui<\/a>. <\/strong><\/p>\t\t\t\t\t\t\t\t<\/div>\n\t\t\t\t\t<\/div>\n\t\t\t\t<\/div>\n\t\t\t\t<\/div>\n\t\t","protected":false},"excerpt":{"rendered":"<p>ATPI A rede de escrit\u00f3rios da ATPI, est\u00e1 em constante expans\u00e3o e trabalha em conjunto para garantir que os nossos clientes usufruam de servi\u00e7os de excel\u00eancia, consistentes e se beneficiem de conhecimentos locais em qualquer parte do mundo. Com uma rede combinada de mais de 100 locais de atendimento em todo o mundo, a nossa rede global de ag\u00eancias de viagens proporciona seguran\u00e7a e efici\u00eancia, garantindo que todos os escrit\u00f3rios cumpram os mesmos elevados padr\u00f5es e que os nossos clientes possam sempre falar com um especialista que entenda a sua organiza\u00e7\u00e3o e as suas necessidades de viagem. A nossa rede estende-se por todo o mundo e abrange todos os continentes. Encontre aqui os dados de contacto dos nossos escrit\u00f3rios. Fazer parte da rede de escrit\u00f3rios da ATPI proporciona-nos uma gama de benef\u00edcios, que nos permitem gerir o seu programa de viagens \u00e0 escala multinacional. Os nossos servi\u00e7os e tecnologia, s\u00e3o desenvolvidos com base nas necessidades e desafios dos nossos clientes e permitem-nos dar suporte aos seus principais processos de neg\u00f3cio. Isto resulta da nossa convic\u00e7\u00e3o de que as viagens devem ser consideradas um facilitador de neg\u00f3cios e n\u00e3o uma necessidade banal. Excel\u00eancia Global com atua\u00e7\u00e3o local \u2013 um n\u00edvel de servi\u00e7o consistente e de alta qualidade em todo o mundo, com cada escrit\u00f3rio avaliado pelos mesmos padr\u00f5es de qualidade. Prestamos servi\u00e7os em todos os continentes, em locais onde os nossos clientes precisam de n\u00f3s estrategicamente, mantendo um relacionamento pessoal e personalizado com os clientes e as suas equipas de viagens. Partilhamos a nossa experi\u00eancia e conhecimento em viagens corporativas com as equipas globais dos nossos clientes e com os consultores adjudicados aos seus programas de viagens que entendem o neg\u00f3cio onde os nossos clientes se enquadram. O nosso poder de compra proporciona valor acrescido aos nossos clientes e melhores condi\u00e7\u00f5es de negocia\u00e7\u00e3o com fornecedores. Investimos em inova\u00e7\u00e3o e tecnologias que oferecem solu\u00e7\u00f5es para superar os desafios de viagem dos clientes, al\u00e9m de disponibilizar as melhores e mais recentes tecnologias do mercado. Reunimos conhecimento e insights tecnol\u00f3gicos de todas as partes do mundo, o que nos permite fornecer recomenda\u00e7\u00f5es estrat\u00e9gicas e fundamentadas para a melhor solu\u00e7\u00e3o do mercado local. A nossa plataforma tecnol\u00f3gica integrada engloba produtos globais nas \u00e1reas de bancos de dados de perfis, relat\u00f3rios de viagens, solu\u00e7\u00f5es de seguran\u00e7a e portais de viagens. Informa\u00e7\u00f5es pr\u00e1ticas aprimoradas para ajudar os clientes a maximizar o desempenho de seus programas de viagens globais, combinando an\u00e1lises de gastos de grupos similares, dados de fornecedores, pre\u00e7os de companhias a\u00e9reas, etc. Uma estrutura de gest\u00e3o de contas que garante a administra\u00e7\u00e3o perfeita do seu programa de viagens em todas as regi\u00f5es, com supervis\u00e3o e consultoria globais para maximizar o desempenho e contatos locais para suporte no mercado. Para mais informa\u00e7\u00f5es sobre a ATPI, clique aqui.<\/p>\n","protected":false},"author":1,"featured_media":0,"parent":0,"menu_order":0,"comment_status":"closed","ping_status":"closed","template":"elementor_header_footer","meta":{"footnotes":""},"class_list":["post-733","page","type-page","status-publish","hentry"],"brizy_media":[],"_links":{"self":[{"href":"https:\/\/www.taratravel.co.mz\/index.php?rest_route=\/wp\/v2\/pages\/733","targetHints":{"allow":["GET"]}}],"collection":[{"href":"https:\/\/www.taratravel.co.mz\/index.php?rest_route=\/wp\/v2\/pages"}],"about":[{"href":"https:\/\/www.taratravel.co.mz\/index.php?rest_route=\/wp\/v2\/types\/page"}],"author":[{"embeddable":true,"href":"https:\/\/www.taratravel.co.mz\/index.php?rest_route=\/wp\/v2\/users\/1"}],"replies":[{"embeddable":true,"href":"https:\/\/www.taratravel.co.mz\/index.php?rest_route=%2Fwp%2Fv2%2Fcomments&post=733"}],"version-history":[{"count":5,"href":"https:\/\/www.taratravel.co.mz\/index.php?rest_route=\/wp\/v2\/pages\/733\/revisions"}],"predecessor-version":[{"id":742,"href":"https:\/\/www.taratravel.co.mz\/index.php?rest_route=\/wp\/v2\/pages\/733\/revisions\/742"}],"wp:attachment":[{"href":"https:\/\/www.taratravel.co.mz\/index.php?rest_route=%2Fwp%2Fv2%2Fmedia&parent=733"}],"curies":[{"name":"wp","href":"https:\/\/api.w.org\/{rel}","templated":true}]}}