{"id":1011,"date":"2026-03-25T14:57:24","date_gmt":"2026-03-25T14:57:24","guid":{"rendered":"https:\/\/taratravel-126adbd.ingress-haven.ewp.live\/?page_id=1011"},"modified":"2026-04-28T15:50:49","modified_gmt":"2026-04-28T15:50:49","slug":"noticias","status":"publish","type":"page","link":"https:\/\/www.taratravel.co.mz\/?page_id=1011","title":{"rendered":"Not\u00edcias"},"content":{"rendered":"\t\t<div data-elementor-type=\"wp-page\" data-elementor-id=\"1011\" class=\"elementor elementor-1011\">\n\t\t\t\t<div class=\"elementor-element elementor-element-df1cdac e-flex e-con-boxed wpr-particle-no wpr-jarallax-no wpr-parallax-no wpr-sticky-section-no wpr-equal-height-no e-con e-parent\" data-id=\"df1cdac\" data-element_type=\"container\" data-e-type=\"container\" data-settings=\"{&quot;background_background&quot;:&quot;classic&quot;}\">\n\t\t\t\t\t<div class=\"e-con-inner\">\n\t\t\t\t<div class=\"elementor-element elementor-element-85e2fd8 elementor-widget elementor-widget-spacer\" data-id=\"85e2fd8\" data-element_type=\"widget\" data-e-type=\"widget\" data-widget_type=\"spacer.default\">\n\t\t\t\t\t\t\t<div class=\"elementor-spacer\">\n\t\t\t<div class=\"elementor-spacer-inner\"><\/div>\n\t\t<\/div>\n\t\t\t\t\t\t<\/div>\n\t\t\t\t<div class=\"elementor-element elementor-element-413ead7 elementor-widget elementor-widget-heading\" data-id=\"413ead7\" data-element_type=\"widget\" data-e-type=\"widget\" data-widget_type=\"heading.default\">\n\t\t\t\t\t<h2 class=\"elementor-heading-title elementor-size-default\">Not\u00edcias<\/h2>\t\t\t\t<\/div>\n\t\t\t\t<div class=\"elementor-element elementor-element-2756de7 elementor-widget elementor-widget-text-editor\" data-id=\"2756de7\" data-element_type=\"widget\" data-e-type=\"widget\" data-widget_type=\"text-editor.default\">\n\t\t\t\t\t\t\t\t\t<p>Obtenha aqui not\u00edcias e actualiza\u00e7\u00f5es sobre a Tara Travel<\/p>\t\t\t\t\t\t\t\t<\/div>\n\t\t\t\t<div class=\"elementor-element elementor-element-1271667 elementor-widget elementor-widget-spacer\" data-id=\"1271667\" data-element_type=\"widget\" data-e-type=\"widget\" data-widget_type=\"spacer.default\">\n\t\t\t\t\t\t\t<div class=\"elementor-spacer\">\n\t\t\t<div class=\"elementor-spacer-inner\"><\/div>\n\t\t<\/div>\n\t\t\t\t\t\t<\/div>\n\t\t\t\t\t<\/div>\n\t\t\t\t<\/div>\n\t\t<div class=\"elementor-element elementor-element-5ea2c1d e-flex e-con-boxed wpr-particle-no wpr-jarallax-no wpr-parallax-no wpr-sticky-section-no wpr-equal-height-no e-con e-parent\" data-id=\"5ea2c1d\" data-element_type=\"container\" data-e-type=\"container\">\n\t\t\t\t\t<div class=\"e-con-inner\">\n\t\t<div class=\"elementor-element elementor-element-b4f6acf e-con-full e-flex wpr-particle-no wpr-jarallax-no wpr-parallax-no wpr-sticky-section-no wpr-equal-height-no e-con e-child\" data-id=\"b4f6acf\" data-element_type=\"container\" data-e-type=\"container\">\n\t\t\t\t<div class=\"elementor-element elementor-element-834f106 eael-team-align-eael-team-align-default elementor-widget elementor-widget-eael-team-member\" data-id=\"834f106\" data-element_type=\"widget\" data-e-type=\"widget\" data-widget_type=\"eael-team-member.default\">\n\t\t\t\t\t\n\n\t<div id=\"eael-team-member-834f106\" class=\"eael-team-item eael-team-members-simple \">\n\t\t<div class=\"eael-team-item-inner\">\n\t\t\t<div class=\"eael-team-image\">\n\t\t\t\t<figure>\n\t\t\t\t\t\t\t\t\t\t<img decoding=\"async\" src=\"https:\/\/www.taratravel.co.mz\/wp-content\/uploads\/2026\/04\/WTM.jpg\" alt=\"\">\n\t\t\t\t\t\t\t\t\t<\/figure>\n\t\t\t\t\n\t\t\t\t\n\t\t\t<\/div>\n\n\t\t\t<div class=\"eael-team-content\">\n\t\t\t\t<h2 class=\"eael-team-member-name\">Tara Travel Participa do WTM<\/h2><h3 class=\"eael-team-member-position\">Abril 20, 2026<\/h3>\n\t\t\t\t\t\t\t\t\t\t\t\t\t\t<p class=\"eael-team-text\">Entre os dias 13 a 15 de Abril, A Tara Travel participou na feira do Turismo em Cape Town (WTM).<\/p>\n\t\t\t\t\t\t\t<\/div>\n\t\t<\/div>\n\t<\/div>\n\t\t\t\t\t<\/div>\n\t\t\t\t<\/div>\n\t\t<div class=\"elementor-element elementor-element-3987f6a e-con-full e-flex wpr-particle-no wpr-jarallax-no wpr-parallax-no wpr-sticky-section-no wpr-equal-height-no e-con e-child\" data-id=\"3987f6a\" data-element_type=\"container\" data-e-type=\"container\">\n\t\t\t\t<div class=\"elementor-element elementor-element-f92c0e0 eael-team-align-eael-team-align-default elementor-widget elementor-widget-eael-team-member\" data-id=\"f92c0e0\" data-element_type=\"widget\" data-e-type=\"widget\" data-widget_type=\"eael-team-member.default\">\n\t\t\t\t\t\n\n\t<div id=\"eael-team-member-f92c0e0\" class=\"eael-team-item eael-team-members-simple \">\n\t\t<div class=\"eael-team-item-inner\">\n\t\t\t<div class=\"eael-team-image\">\n\t\t\t\t<figure>\n\t\t\t\t\t\t\t\t\t\t<img decoding=\"async\" src=\"https:\/\/www.taratravel.co.mz\/wp-content\/uploads\/2026\/04\/Triland.png\" alt=\"\">\n\t\t\t\t\t\t\t\t\t<\/figure>\n\t\t\t\t\n\t\t\t\t\n\t\t\t<\/div>\n\n\t\t\t<div class=\"eael-team-content\">\n\t\t\t\t<h2 class=\"eael-team-member-name\">Tara Travel no Triland<\/h2><h3 class=\"eael-team-member-position\">Mar\u00e7o24, 2025<\/h3>\n\t\t\t\t\t\t\t\t\t\t\t\t\t\t<p class=\"eael-team-text\">Entre os dia 17 e 19 de Mar\u00e7o, a tara travel participou como convidado no evento Triland, em Eswatini.<\/p>\n\t\t\t\t\t\t\t<\/div>\n\t\t<\/div>\n\t<\/div>\n\t\t\t\t\t<\/div>\n\t\t\t\t<\/div>\n\t\t<div class=\"elementor-element elementor-element-cbffbe2 e-con-full e-flex wpr-particle-no wpr-jarallax-no wpr-parallax-no wpr-sticky-section-no wpr-equal-height-no e-con e-child\" data-id=\"cbffbe2\" data-element_type=\"container\" data-e-type=\"container\">\n\t\t\t\t<div class=\"elementor-element elementor-element-90607a7 eael-team-align-eael-team-align-default elementor-widget elementor-widget-eael-team-member\" data-id=\"90607a7\" data-element_type=\"widget\" data-e-type=\"widget\" data-widget_type=\"eael-team-member.default\">\n\t\t\t\t\t\n\n\t<div id=\"eael-team-member-90607a7\" class=\"eael-team-item eael-team-members-simple \">\n\t\t<div class=\"eael-team-item-inner\">\n\t\t\t<div class=\"eael-team-image\">\n\t\t\t\t<figure>\n\t\t\t\t\t\t\t\t\t\t<img decoding=\"async\" src=\"https:\/\/www.taratravel.co.mz\/wp-content\/uploads\/2026\/04\/turism-med-1-1-300x300-1.png\" alt=\"\">\n\t\t\t\t\t\t\t\t\t<\/figure>\n\t\t\t\t\n\t\t\t\t\n\t\t\t<\/div>\n\n\t\t\t<div class=\"eael-team-content\">\n\t\t\t\t<h2 class=\"eael-team-member-name\">Tara Travel em parceria com UHGC \u2013 Turismo M\u00e9dico<\/h2><h3 class=\"eael-team-member-position\">Setembro 24, 2025<\/h3>\n\t\t\t\t\t\t\t\t\t\t\t\t\t\t<p class=\"eael-team-text\">A Tara Travel estabeleceu uma parceria com a UHGC para oferecer servi\u00e7os de turismo m\u00e9dico, facilitando o acesso a cuidados de sa\u00fade no exterior.<\/p>\n\t\t\t\t\t\t\t<\/div>\n\t\t<\/div>\n\t<\/div>\n\t\t\t\t\t<\/div>\n\t\t\t\t<\/div>\n\t\t\t\t\t<\/div>\n\t\t\t\t<\/div>\n\t\t<div class=\"elementor-element elementor-element-e243594 e-flex e-con-boxed wpr-particle-no wpr-jarallax-no wpr-parallax-no wpr-sticky-section-no wpr-equal-height-no e-con e-parent\" data-id=\"e243594\" data-element_type=\"container\" data-e-type=\"container\">\n\t\t\t\t\t<div class=\"e-con-inner\">\n\t\t<div class=\"elementor-element elementor-element-3bdbfae e-con-full e-flex wpr-particle-no wpr-jarallax-no wpr-parallax-no wpr-sticky-section-no wpr-equal-height-no e-con e-child\" data-id=\"3bdbfae\" data-element_type=\"container\" data-e-type=\"container\">\n\t\t\t\t<div class=\"elementor-element elementor-element-a95a48d eael-team-align-eael-team-align-default elementor-widget elementor-widget-eael-team-member\" data-id=\"a95a48d\" data-element_type=\"widget\" data-e-type=\"widget\" data-widget_type=\"eael-team-member.default\">\n\t\t\t\t\t\n\n\t<div id=\"eael-team-member-a95a48d\" class=\"eael-team-item eael-team-members-simple \">\n\t\t<div class=\"eael-team-item-inner\">\n\t\t\t<div class=\"eael-team-image\">\n\t\t\t\t<figure>\n\t\t\t\t\t\t\t\t\t\t<img decoding=\"async\" src=\"https:\/\/www.taratravel.co.mz\/wp-content\/uploads\/2026\/04\/Tara-Travel-3.1-Airlink-JNB-POL.jpg-240x300-1.jpeg\" alt=\"\">\n\t\t\t\t\t\t\t\t\t<\/figure>\n\t\t\t\t\n\t\t\t\t\n\t\t\t<\/div>\n\n\t\t\t<div class=\"eael-team-content\">\n\t\t\t\t<h2 class=\"eael-team-member-name\">AIRLINK ANUNCIA MAIS VOOS PARA PEMBA<\/h2><h3 class=\"eael-team-member-position\">Mar\u00e7o 9, 2026<\/h3>\n\t\t\t\t\t\t\t\t\t\t\t\t\t\t<p class=\"eael-team-text\">A Airlink aumentou a frequ\u00eancia dos voos entre Johannesburg e Pemba, fortalecendo a conectividade a\u00e9rea com o norte de Mo\u00e7ambique.<\/p>\n\t\t\t\t\t\t\t<\/div>\n\t\t<\/div>\n\t<\/div>\n\t\t\t\t\t<\/div>\n\t\t\t\t<\/div>\n\t\t<div class=\"elementor-element elementor-element-6cee792 e-con-full e-flex wpr-particle-no wpr-jarallax-no wpr-parallax-no wpr-sticky-section-no wpr-equal-height-no e-con e-child\" data-id=\"6cee792\" data-element_type=\"container\" data-e-type=\"container\">\n\t\t\t\t<div class=\"elementor-element elementor-element-ef1f4c4 eael-team-align-eael-team-align-default elementor-widget elementor-widget-eael-team-member\" data-id=\"ef1f4c4\" data-element_type=\"widget\" data-e-type=\"widget\" data-widget_type=\"eael-team-member.default\">\n\t\t\t\t\t\n\n\t<div id=\"eael-team-member-ef1f4c4\" class=\"eael-team-item eael-team-members-simple \">\n\t\t<div class=\"eael-team-item-inner\">\n\t\t\t<div class=\"eael-team-image\">\n\t\t\t\t<figure>\n\t\t\t\t\t\t\t\t\t\t<img decoding=\"async\" src=\"https:\/\/www.taratravel.co.mz\/wp-content\/uploads\/2026\/04\/Imagem-WhatsApp-2024-09-03-as-12.38.21_cfe0d32c-225x300-1.jpg\" alt=\"\">\n\t\t\t\t\t\t\t\t\t<\/figure>\n\t\t\t\t\n\t\t\t\t\n\t\t\t<\/div>\n\n\t\t\t<div class=\"eael-team-content\">\n\t\t\t\t<h2 class=\"eael-team-member-name\">FIKANI 2024<\/h2><h3 class=\"eael-team-member-position\">Setembro 24, 2025<\/h3>\n\t\t\t\t\t\t\t\t\t\t\t\t\t\t<p class=\"eael-team-text\">De 28 de Fevereiro a 03 de Mar\u00e7o, a Tara Travel participou na BTL \u2013 Bolsa de Turismo de Lisboa.<\/p>\n\t\t\t\t\t\t\t<\/div>\n\t\t<\/div>\n\t<\/div>\n\t\t\t\t\t<\/div>\n\t\t\t\t<\/div>\n\t\t<div class=\"elementor-element elementor-element-0046ed7 e-con-full e-flex wpr-particle-no wpr-jarallax-no wpr-parallax-no wpr-sticky-section-no wpr-equal-height-no e-con e-child\" data-id=\"0046ed7\" data-element_type=\"container\" data-e-type=\"container\">\n\t\t\t\t<div class=\"elementor-element elementor-element-ced4523 eael-team-align-eael-team-align-default elementor-widget elementor-widget-eael-team-member\" data-id=\"ced4523\" data-element_type=\"widget\" data-e-type=\"widget\" data-widget_type=\"eael-team-member.default\">\n\t\t\t\t\t\n\n\t<div id=\"eael-team-member-ced4523\" class=\"eael-team-item eael-team-members-simple \">\n\t\t<div class=\"eael-team-item-inner\">\n\t\t\t<div class=\"eael-team-image\">\n\t\t\t\t<figure>\n\t\t\t\t\t\t\t\t\t\t<img decoding=\"async\" src=\"https:\/\/www.taratravel.co.mz\/wp-content\/uploads\/2026\/04\/Imagem-WhatsApp-2025-05-19-as-14.31.29_965907ab-218x300-1.jpg\" alt=\"\">\n\t\t\t\t\t\t\t\t\t<\/figure>\n\t\t\t\t\n\t\t\t\t\n\t\t\t<\/div>\n\n\t\t\t<div class=\"eael-team-content\">\n\t\t\t\t<h2 class=\"eael-team-member-name\">MMEC 2025<\/h2><h3 class=\"eael-team-member-position\">Maio 19, 2025<\/h3>\n\t\t\t\t\t\t\t\t\t\t\t\t\t\t<p class=\"eael-team-text\">A Tara Travel participou do MMEC 2025 que decorreu entre os dias 07 a 08 de Maio no Centro de Confer\u00eancias Joaquim Chissano.<\/p>\n\t\t\t\t\t\t\t<\/div>\n\t\t<\/div>\n\t<\/div>\n\t\t\t\t\t<\/div>\n\t\t\t\t<\/div>\n\t\t\t\t\t<\/div>\n\t\t\t\t<\/div>\n\t\t<div class=\"elementor-element elementor-element-2e465b2 e-flex e-con-boxed wpr-particle-no wpr-jarallax-no wpr-parallax-no wpr-sticky-section-no wpr-equal-height-no e-con e-parent\" data-id=\"2e465b2\" data-element_type=\"container\" data-e-type=\"container\">\n\t\t\t\t\t<div class=\"e-con-inner\">\n\t\t<div class=\"elementor-element elementor-element-94b13c6 e-con-full e-flex wpr-particle-no wpr-jarallax-no wpr-parallax-no wpr-sticky-section-no wpr-equal-height-no e-con e-child\" data-id=\"94b13c6\" data-element_type=\"container\" data-e-type=\"container\">\n\t\t\t\t<div class=\"elementor-element elementor-element-360c810 eael-team-align-eael-team-align-default elementor-widget elementor-widget-eael-team-member\" data-id=\"360c810\" data-element_type=\"widget\" data-e-type=\"widget\" data-widget_type=\"eael-team-member.default\">\n\t\t\t\t\t\n\n\t<div id=\"eael-team-member-360c810\" class=\"eael-team-item eael-team-members-simple \">\n\t\t<div class=\"eael-team-item-inner\">\n\t\t\t<div class=\"eael-team-image\">\n\t\t\t\t<figure>\n\t\t\t\t\t\t\t\t\t\t<img decoding=\"async\" src=\"https:\/\/www.taratravel.co.mz\/wp-content\/uploads\/2026\/04\/Imagem-WhatsApp-2025-05-19-as-14.31.32_2139d825-225x300-1.jpg\" alt=\"\">\n\t\t\t\t\t\t\t\t\t<\/figure>\n\t\t\t\t\n\t\t\t\t\n\t\t\t<\/div>\n\n\t\t\t<div class=\"eael-team-content\">\n\t\t\t\t<h2 class=\"eael-team-member-name\">Certifica\u00e7\u00e3o pela implementa\u00e7\u00e3o do Sistema de Gest\u00e3o da Qualidade<\/h2><h3 class=\"eael-team-member-position\">Maio 19, 2025<\/h3>\n\t\t\t\t\t\t\t\t\t\t\t\t\t\t<p class=\"eael-team-text\">Tara Travel, recebe a certifica\u00e7\u00e3o pela implementa\u00e7\u00e3o do Sistema de Gest\u00e3o da Qualidade, Norma ISO 9001:2015 pelo INNOQ.<\/p>\n\t\t\t\t\t\t\t<\/div>\n\t\t<\/div>\n\t<\/div>\n\t\t\t\t\t<\/div>\n\t\t\t\t<\/div>\n\t\t<div class=\"elementor-element elementor-element-be1a194 e-con-full e-flex wpr-particle-no wpr-jarallax-no wpr-parallax-no wpr-sticky-section-no wpr-equal-height-no e-con e-child\" data-id=\"be1a194\" data-element_type=\"container\" data-e-type=\"container\">\n\t\t\t\t<div class=\"elementor-element elementor-element-996c451 eael-team-align-eael-team-align-default elementor-widget elementor-widget-eael-team-member\" data-id=\"996c451\" data-element_type=\"widget\" data-e-type=\"widget\" data-widget_type=\"eael-team-member.default\">\n\t\t\t\t\t\n\n\t<div id=\"eael-team-member-996c451\" class=\"eael-team-item eael-team-members-simple \">\n\t\t<div class=\"eael-team-item-inner\">\n\t\t\t<div class=\"eael-team-image\">\n\t\t\t\t<figure>\n\t\t\t\t\t\t\t\t\t<\/figure>\n\t\t\t\t\n\t\t\t\t\n\t\t\t<\/div>\n\n\t\t\t<div class=\"eael-team-content\">\n\t\t\t\t<h2 class=\"eael-team-member-name\">Natal Cheio de Vida 2023<\/h2><h3 class=\"eael-team-member-position\">Maio 19, 2025<\/h3>\n\t\t\t\t\t\t\t\t\t\t\t\t\t\t<p class=\"eael-team-text\">A Tara Travel participou em conjunto com o Ba\u00eda Mall na campanha um Natal Cheio de Vida.<\/p>\n\t\t\t\t\t\t\t<\/div>\n\t\t<\/div>\n\t<\/div>\n\t\t\t\t\t<\/div>\n\t\t\t\t<\/div>\n\t\t<div class=\"elementor-element elementor-element-a1ef885 e-con-full e-flex wpr-particle-no wpr-jarallax-no wpr-parallax-no wpr-sticky-section-no wpr-equal-height-no e-con e-child\" data-id=\"a1ef885\" data-element_type=\"container\" data-e-type=\"container\">\n\t\t\t\t<div class=\"elementor-element elementor-element-1cb69fa eael-team-align-eael-team-align-default elementor-widget elementor-widget-eael-team-member\" data-id=\"1cb69fa\" data-element_type=\"widget\" data-e-type=\"widget\" data-widget_type=\"eael-team-member.default\">\n\t\t\t\t\t\n\n\t<div id=\"eael-team-member-1cb69fa\" class=\"eael-team-item eael-team-members-simple \">\n\t\t<div class=\"eael-team-item-inner\">\n\t\t\t<div class=\"eael-team-image\">\n\t\t\t\t<figure>\n\t\t\t\t\t\t\t\t\t<\/figure>\n\t\t\t\t\n\t\t\t\t\n\t\t\t<\/div>\n\n\t\t\t<div class=\"eael-team-content\">\n\t\t\t\t<h2 class=\"eael-team-member-name\">TARA TRAVEL NA WORLD TRAVEL EXPO MIAMI<\/h2><h3 class=\"eael-team-member-position\">Mar\u00e7o 9, 2026<\/h3>\n\t\t\t\t\t\t\t\t\t\t\t\t\t\t<p class=\"eael-team-text\">No passado m\u00eas de Junho a Tara Travel marcou a sua presen\u00e7a na World Travel Expo em Miami.<\/p>\n\t\t\t\t\t\t\t<\/div>\n\t\t<\/div>\n\t<\/div>\n\t\t\t\t\t<\/div>\n\t\t\t\t<\/div>\n\t\t\t\t\t<\/div>\n\t\t\t\t<\/div>\n\t\t\t\t<\/div>\n\t\t","protected":false},"excerpt":{"rendered":"<p>Not\u00edcias Obtenha aqui not\u00edcias e actualiza\u00e7\u00f5es sobre a Tara Travel Tara Travel Participa do WTM Abril 20, 2026 Entre os dias 13 a 15 de Abril, A Tara Travel participou na feira do Turismo em Cape Town (WTM). Tara Travel no Triland Mar\u00e7o24, 2025 Entre os dia 17 e 19 de Mar\u00e7o, a tara travel participou como convidado no evento Triland, em Eswatini. Tara Travel em parceria com UHGC \u2013 Turismo M\u00e9dico Setembro 24, 2025 A Tara Travel estabeleceu uma parceria com a UHGC para oferecer servi\u00e7os de turismo m\u00e9dico, facilitando o acesso a cuidados de sa\u00fade no exterior. AIRLINK ANUNCIA MAIS VOOS PARA PEMBA Mar\u00e7o 9, 2026 A Airlink aumentou a frequ\u00eancia dos voos entre Johannesburg e Pemba, fortalecendo a conectividade a\u00e9rea com o norte de Mo\u00e7ambique. FIKANI 2024 Setembro 24, 2025 De 28 de Fevereiro a 03 de Mar\u00e7o, a Tara Travel participou na BTL \u2013 Bolsa de Turismo de Lisboa. MMEC 2025 Maio 19, 2025 A Tara Travel participou do MMEC 2025 que decorreu entre os dias 07 a 08 de Maio no Centro de Confer\u00eancias Joaquim Chissano. Certifica\u00e7\u00e3o pela implementa\u00e7\u00e3o do Sistema de Gest\u00e3o da Qualidade Maio 19, 2025 Tara Travel, recebe a certifica\u00e7\u00e3o pela implementa\u00e7\u00e3o do Sistema de Gest\u00e3o da Qualidade, Norma ISO 9001:2015 pelo INNOQ. Natal Cheio de Vida 2023 Maio 19, 2025 A Tara Travel participou em conjunto com o Ba\u00eda Mall na campanha um Natal Cheio de Vida. TARA TRAVEL NA WORLD TRAVEL EXPO MIAMI Mar\u00e7o 9, 2026 No passado m\u00eas de Junho a Tara Travel marcou a sua presen\u00e7a na World Travel Expo em Miami.<\/p>\n","protected":false},"author":1,"featured_media":0,"parent":0,"menu_order":0,"comment_status":"closed","ping_status":"closed","template":"elementor_header_footer","meta":{"footnotes":""},"class_list":["post-1011","page","type-page","status-publish","hentry"],"brizy_media":[],"_links":{"self":[{"href":"https:\/\/www.taratravel.co.mz\/index.php?rest_route=\/wp\/v2\/pages\/1011","targetHints":{"allow":["GET"]}}],"collection":[{"href":"https:\/\/www.taratravel.co.mz\/index.php?rest_route=\/wp\/v2\/pages"}],"about":[{"href":"https:\/\/www.taratravel.co.mz\/index.php?rest_route=\/wp\/v2\/types\/page"}],"author":[{"embeddable":true,"href":"https:\/\/www.taratravel.co.mz\/index.php?rest_route=\/wp\/v2\/users\/1"}],"replies":[{"embeddable":true,"href":"https:\/\/www.taratravel.co.mz\/index.php?rest_route=%2Fwp%2Fv2%2Fcomments&post=1011"}],"version-history":[{"count":5,"href":"https:\/\/www.taratravel.co.mz\/index.php?rest_route=\/wp\/v2\/pages\/1011\/revisions"}],"predecessor-version":[{"id":1520,"href":"https:\/\/www.taratravel.co.mz\/index.php?rest_route=\/wp\/v2\/pages\/1011\/revisions\/1520"}],"wp:attachment":[{"href":"https:\/\/www.taratravel.co.mz\/index.php?rest_route=%2Fwp%2Fv2%2Fmedia&parent=1011"}],"curies":[{"name":"wp","href":"https:\/\/api.w.org\/{rel}","templated":true}]}}